{"id":8598,"date":"2022-12-03T15:55:34","date_gmt":"2022-12-03T18:55:34","guid":{"rendered":"https:\/\/radiomontemoriah.com.br\/?page_id=8598"},"modified":"2024-07-02T19:44:11","modified_gmt":"2024-07-02T22:44:11","slug":"radio","status":"publish","type":"page","link":"https:\/\/radiomontemoriah.com.br\/?page_id=8598","title":{"rendered":"Radio"},"content":{"rendered":"<section class=\"wpb-content-wrapper\"><p>[vc_row full_height=&#8221;yes&#8221; tlg_background_style=&#8221;bg-dark&#8221; tlg_parallax=&#8221;not-parallax&#8221; tlg_text_align=&#8221;text-center&#8221; css=&#8221;.vc_custom_1670094728205{background-image: url(http:\/\/radiomontemoriah.com.br\/wp-content\/uploads\/2022\/12\/img_bg1.jpg?id=8613) !important;}&#8221;][vc_column]<div class=\"tlg-spacer  \" data-height=\"150\" data-height-tablet=\"150\" data-height-mobile=\"150\" style=\"clear:both;display:block;height:150px;\"><\/div>[vc_single_image image=&#8221;8564&#8243; img_size=&#8221;full&#8221; alignment=&#8221;center&#8221;]<div class=\"headings-title \"><div class=\"mb70 mb-xs-40 text-center\"><h5  class=\"widgettitle mb0\">Uma provis\u00e3o divina para sua vida e seu lar!<\/h5><\/div><\/div>[vc_column_text]<\/p>\n<h4>Estamos em manuten\u00e7\u00e3o. Retornaremos em breve.<\/h4>\n<h6>Para ouvir a r\u00e1dio, clique no bot\u00e3o &#8220;Play&#8221; abaixo.<\/h6>\n<p>[\/vc_column_text][vc_raw_html]JTNDaWZyYW1lJTIwd2lkdGglM0QlMjIxMDAlMjUlMjIlMjBoZWlnaHQlM0QlMjI1NyUyMiUyMGZyYW1lYm9yZGVyJTNEJTIyMCUyMiUyMHNjcm9sbGluZyUzRCUyMm5vJTIyJTIwbWFyZ2luaGVpZ2h0JTNEJTIyMCUyMiUyMG1hcmdpbndpZHRoJTNEJTIyMCUyMiUyMGF1dG9wbGF5JTNEJTIyYXV0b3BsYXklMjIlMjBtdXRlJTNEMSUyMHNyYyUzRCUyMmh0dHBzJTNBJTJGJTJGcGxheWVyLmhzdGJyLm5ldCUyRndlYm1vbnRlbW9yaWFoJTIyJTNFJTNDJTJGaWZyYW1lJTNF[\/vc_raw_html][vc_raw_html]JTNDY2VudGVyJTNFJTNDc2NyaXB0JTIwdHlwZSUzRCUyMnRleHQlMkZqYXZhc2NyaXB0JTIyJTIwc3JjJTNEJTIyJTJGJTJGcmYucmV2b2x2ZXJtYXBzLmNvbSUyRjAlMkYwJTJGNi5qcyUzRmklM0Q1M2N2dTdtam5rdCUyNmFtcCUzQm0lM0Q3JTI2YW1wJTNCYyUzRGU2MzEwMCUyNmFtcCUzQmNyMSUzRGZmZmZmZiUyNmFtcCUzQmYlM0RhcmlhbCUyNmFtcCUzQmwlM0QwJTI2YW1wJTNCYnYlM0Q5MCUyNmFtcCUzQmx4JTNELTQyMCUyNmFtcCUzQmx5JTNENDIwJTI2YW1wJTNCaGklM0QyMCUyNmFtcCUzQmhlJTNENyUyNmFtcCUzQmhjJTNEYThkZGZmJTI2YW1wJTNCcnMlM0Q4MCUyMiUyMGFzeW5jJTNEJTIyYXN5bmMlMjIlM0UlM0MlMkZzY3JpcHQlM0UlM0MlMkZjZW50ZXIlM0U=[\/vc_raw_html]<div class=\"tlg-spacer  \" data-height=\"70\" data-height-tablet=\"70\" data-height-mobile=\"70\" style=\"clear:both;display:block;height:70px;\"><\/div><div class=\"tlg-spacer  \" data-height=\"80\" data-height-tablet=\"80\" data-height-mobile=\"20\" style=\"clear:both;display:block;height:80px;\"><\/div>[\/vc_column][\/vc_row]<\/p>\n<\/section>","protected":false},"excerpt":{"rendered":"<p>[vc_row full_height=&#8221;yes&#8221; tlg_background_style=&#8221;bg-dark&#8221; tlg_parallax=&#8221;not-parallax&#8221; tlg_text_align=&#8221;text-center&#8221; css=&#8221;.vc_custom_1670094728205{background-image: url(http:\/\/radiomontemoriah.com.br\/wp-content\/uploads\/2022\/12\/img_bg1.jpg?id=8613) !important;}&#8221;][vc_column][vc_single_image image=&#8221;8564&#8243; img_size=&#8221;full&#8221; alignment=&#8221;center&#8221;][vc_column_text] Estamos em manuten\u00e7\u00e3o. Retornaremos em breve. Para ouvir a r\u00e1dio, clique no bot\u00e3o &#8220;Play&#8221; abaixo. [\/vc_column_text][vc_raw_html]JTNDaWZyYW1lJTIwd2lkdGglM0QlMjIxMDAlMjUlMjIlMjBoZWlnaHQlM0QlMjI1NyUyMiUyMGZyYW1lYm9yZGVyJTNEJTIyMCUyMiUyMHNjcm9sbGluZyUzRCUyMm5vJTIyJTIwbWFyZ2luaGVpZ2h0JTNEJTIyMCUyMiUyMG1hcmdpbndpZHRoJTNEJTIyMCUyMiUyMGF1dG9wbGF5JTNEJTIyYXV0b3BsYXklMjIlMjBtdXRlJTNEMSUyMHNyYyUzRCUyMmh0dHBzJTNBJTJGJTJGcGxheWVyLmhzdGJyLm5ldCUyRndlYm1vbnRlbW9yaWFoJTIyJTNFJTNDJTJGaWZyYW1lJTNF[\/vc_raw_html][vc_raw_html]JTNDY2VudGVyJTNFJTNDc2NyaXB0JTIwdHlwZSUzRCUyMnRleHQlMkZqYXZhc2NyaXB0JTIyJTIwc3JjJTNEJTIyJTJGJTJGcmYucmV2b2x2ZXJtYXBzLmNvbSUyRjAlMkYwJTJGNi5qcyUzRmklM0Q1M2N2dTdtam5rdCUyNmFtcCUzQm0lM0Q3JTI2YW1wJTNCYyUzRGU2MzEwMCUyNmFtcCUzQmNyMSUzRGZmZmZmZiUyNmFtcCUzQmYlM0RhcmlhbCUyNmFtcCUzQmwlM0QwJTI2YW1wJTNCYnYlM0Q5MCUyNmFtcCUzQmx4JTNELTQyMCUyNmFtcCUzQmx5JTNENDIwJTI2YW1wJTNCaGklM0QyMCUyNmFtcCUzQmhlJTNENyUyNmFtcCUzQmhjJTNEYThkZGZmJTI2YW1wJTNCcnMlM0Q4MCUyMiUyMGFzeW5jJTNEJTIyYXN5bmMlMjIlM0UlM0MlMkZzY3JpcHQlM0UlM0MlMkZjZW50ZXIlM0U=[\/vc_raw_html][\/vc_column][\/vc_row]<\/p>\n","protected":false},"author":1,"featured_media":0,"parent":0,"menu_order":0,"comment_status":"closed","ping_status":"closed","template":"","meta":{"om_disable_all_campaigns":false,"_monsterinsights_skip_tracking":false,"_monsterinsights_sitenote_active":false,"_monsterinsights_sitenote_note":"","_monsterinsights_sitenote_category":0,"footnotes":""},"class_list":["post-8598","page","type-page","status-publish","hentry"],"aioseo_notices":[],"_links":{"self":[{"href":"https:\/\/radiomontemoriah.com.br\/index.php?rest_route=\/wp\/v2\/pages\/8598","targetHints":{"allow":["GET"]}}],"collection":[{"href":"https:\/\/radiomontemoriah.com.br\/index.php?rest_route=\/wp\/v2\/pages"}],"about":[{"href":"https:\/\/radiomontemoriah.com.br\/index.php?rest_route=\/wp\/v2\/types\/page"}],"author":[{"embeddable":true,"href":"https:\/\/radiomontemoriah.com.br\/index.php?rest_route=\/wp\/v2\/users\/1"}],"replies":[{"embeddable":true,"href":"https:\/\/radiomontemoriah.com.br\/index.php?rest_route=%2Fwp%2Fv2%2Fcomments&post=8598"}],"version-history":[{"count":24,"href":"https:\/\/radiomontemoriah.com.br\/index.php?rest_route=\/wp\/v2\/pages\/8598\/revisions"}],"predecessor-version":[{"id":8634,"href":"https:\/\/radiomontemoriah.com.br\/index.php?rest_route=\/wp\/v2\/pages\/8598\/revisions\/8634"}],"wp:attachment":[{"href":"https:\/\/radiomontemoriah.com.br\/index.php?rest_route=%2Fwp%2Fv2%2Fmedia&parent=8598"}],"curies":[{"name":"wp","href":"https:\/\/api.w.org\/{rel}","templated":true}]}}