{"id":8706,"date":"2024-09-30T22:23:47","date_gmt":"2024-10-01T01:23:47","guid":{"rendered":"https:\/\/radiomontemoriah.com.br\/?page_id=8706"},"modified":"2024-09-30T22:26:37","modified_gmt":"2024-10-01T01:26:37","slug":"pastor-explica-fe-que-cura-e-suplica-que-deus-rejeita","status":"publish","type":"page","link":"https:\/\/radiomontemoriah.com.br\/?page_id=8706","title":{"rendered":"Pastor explica f\u00e9 que cura e s\u00faplica que Deus rejeita"},"content":{"rendered":"<p>Reprodu\u00e7\u00e3o da mat\u00e9ria de Raimundo Gomes para o site Novo Tempo.<\/p>\n<p><strong><em>Jesus atendeu pedido e curou servo de centuri\u00e3o elogiando sua f\u00e9; apelo semelhante de uma mulher cananeia por sua filha foi ignorado<\/em><\/strong><\/p>\n<p>Ao ouvir o pedido do centuri\u00e3o para curar seu criado, Jesus disse que ia l\u00e1 (em sua casa) cur\u00e1-lo. O enfermo era um garoto e estava paral\u00edtico, em terr\u00edvel sofrimento. O centuri\u00e3o ponderou com este argumento: \u201cSenhor, n\u00e3o mere\u00e7o receber-Te debaixo do meu teto. Mas dize apenas uma palavra, e o meu servo ser\u00e1 curado\u201d.<\/p>\n<p>Para o pastor C\u00edcero Menezes, da Igreja do Evangelho Quadrangular (IEQ), a f\u00e9 do centuri\u00e3o ia al\u00e9m de qualquer outra que Jesus vira entre os judeus. \u201cEle entendeu que n\u00e3o era preciso nenhum ritual e nem mesmo a presen\u00e7a de Jesus em sua casa; bastava uma palavra, que o garoto seria curado, o que de fato aconteceu\u201d, prosseguiu.<\/p>\n<p>O pastor da IEQ Paju\u00e7ara disse que o milagre n\u00e3o \u00e9 para quem pede, mas para quem cr\u00ea. \u201cTodo que cr\u00ea ver\u00e1 a Gl\u00f3ria de Deus. O centuri\u00e3o creu e reconheceu a autoridade de Jesus. Seu criado foi curado \u00e0 dist\u00e2ncia, como ele pediu\u201d, enfatizou o pastor. A cura ocorreu em Cafarnaum e est\u00e1 em Mateus 8:5-13 e Lucas 7:1-10.<\/p>\n<p><strong>MULHER CANANEIA<\/strong><\/p>\n<p>Outro exemplo de cura \u00e0 dist\u00e2ncia citado pelo pastor C\u00edcero Menezes foi o de uma mulher cananeia, que aproveitou a ida de Jesus a Tiro e Sidom e foi pedir-Lhe a cura para sua filha. A mulher clamou, dizendo: \u2018Senhor, filho de Davi, tem miseric\u00f3rdia de mim, que minha filha est\u00e1 miseravelmente endemoniada\u2019.<\/p>\n<p>\u201cA m\u00e3e gentia era vista com desconfian\u00e7a pelos judeus. Jesus descartou a cura, mas a mulher insistia em demonstrar uma f\u00e9 incondicional e merecimento pela ajuda. Suas respostas agradaram a Jesus, que disse: \u00d3 mulher, grande \u00e9 a tua f\u00e9! Seja isso feito como tu desejas. E desde aquela hora sua filha ficou s\u00e3\u201d, concluiu o pastor.<\/p>\n<p><img loading=\"lazy\" decoding=\"async\" class=\"alignnone wp-image-8703 \" src=\"http:\/\/radiomontemoriah.com.br\/wp-content\/uploads\/2024\/09\/CURA-A-DISTANCIA-001-300x286.jpeg\" alt=\"\" width=\"434\" height=\"414\" srcset=\"https:\/\/radiomontemoriah.com.br\/wp-content\/uploads\/2024\/09\/CURA-A-DISTANCIA-001-300x286.jpeg 300w, https:\/\/radiomontemoriah.com.br\/wp-content\/uploads\/2024\/09\/CURA-A-DISTANCIA-001-768x733.jpeg 768w, https:\/\/radiomontemoriah.com.br\/wp-content\/uploads\/2024\/09\/CURA-A-DISTANCIA-001-600x573.jpeg 600w, https:\/\/radiomontemoriah.com.br\/wp-content\/uploads\/2024\/09\/CURA-A-DISTANCIA-001.jpeg 843w\" sizes=\"auto, (max-width: 434px) 100vw, 434px\" \/><br \/>\nPastor C\u00edcero Menezes recomenda a leitura de Mateus 15:21-28, a hist\u00f3ria de cura da filha da mulher cananeia.<\/p>\n<blockquote class=\"blockquote-line\"><p><strong>\u201cCura \u00e0 dist\u00e2ncia sempre existiu\u201d, afirma Menezes<\/strong><\/p><\/blockquote>\n<p>A cura e liberta\u00e7\u00e3o \u00e0 dist\u00e2ncia, como ocorreu nos casos do Centuri\u00e3o de Cafarnaum e da mulher cananeia, sempre existiram e v\u00e3o continuar. O pastor C\u00edcero Menezes, defende que, \u201cpara falarmos desses milagres, n\u00e3o podemos esquecer os atributos do Senhor. Um deles \u00e9 a Onipresen\u00e7a \u2013 Deus de perto e Deus de longe\u201d \u2013 (Jeremias 23:23-24).<\/p>\n<p>H\u00e1 27 anos exercendo o minist\u00e9rio pastoral da IEQ da Paju\u00e7ara, al\u00e9m de outros quatro anos em que exerceu a Superintend\u00eancia da Regi\u00e3o Norte da Igreja, o reverendo tem presenciado milhares de curas de pessoas n\u00e3o s\u00f3 no Brasil, mas at\u00e9 no exterior. \u201cS\u00e3o incont\u00e1veis as b\u00ean\u00e7\u00e3os que o Senhor Jesus tem realizado no nosso minist\u00e9rio dentro e fora da Igreja\u201d.<\/p>\n<p>H\u00e1 31 anos Menezes deixou suas atividades de empres\u00e1rio bem-sucedido para consagrar sua vida exclusivamente ao chamado que recebeu de Deus. \u201cFui tamb\u00e9m gerente de bancos, mas optei por dizer SIM ao chamado do Senhor Jesus\u201d, disse o reverendo. Na sexta-feira, \u00e0s 19 horas, ele celebra o Culto dos Milagres, onde muita gente tem se libertado de v\u00e1rios tipos de enfermidades e possess\u00f5es.<\/p>\n<p><img loading=\"lazy\" decoding=\"async\" class=\"alignnone wp-image-8702 \" src=\"http:\/\/radiomontemoriah.com.br\/wp-content\/uploads\/2024\/09\/CURA-A-DISTANCIA-FOTO-2-300x177.jpeg\" alt=\"\" width=\"587\" height=\"346\" srcset=\"https:\/\/radiomontemoriah.com.br\/wp-content\/uploads\/2024\/09\/CURA-A-DISTANCIA-FOTO-2-300x177.jpeg 300w, https:\/\/radiomontemoriah.com.br\/wp-content\/uploads\/2024\/09\/CURA-A-DISTANCIA-FOTO-2-768x453.jpeg 768w, https:\/\/radiomontemoriah.com.br\/wp-content\/uploads\/2024\/09\/CURA-A-DISTANCIA-FOTO-2-600x354.jpeg 600w, https:\/\/radiomontemoriah.com.br\/wp-content\/uploads\/2024\/09\/CURA-A-DISTANCIA-FOTO-2.jpeg 1024w\" sizes=\"auto, (max-width: 587px) 100vw, 587px\" \/><br \/>\nMuita gente busca cura milagrosa nos cultos de sexta-feira na Quadrangular da Paju\u00e7ara<\/p>\n","protected":false},"excerpt":{"rendered":"<p>Reprodu\u00e7\u00e3o da mat\u00e9ria de Raimundo Gomes para o site Novo Tempo. Jesus atendeu pedido e curou servo de centuri\u00e3o elogiando sua f\u00e9; apelo semelhante de uma mulher cananeia por sua filha foi ignorado Ao ouvir o pedido do centuri\u00e3o para curar seu criado, Jesus disse que ia l\u00e1 (em sua casa) cur\u00e1-lo. O enfermo era&#8230;<\/p>\n","protected":false},"author":1,"featured_media":0,"parent":0,"menu_order":0,"comment_status":"closed","ping_status":"closed","template":"","meta":{"om_disable_all_campaigns":false,"_monsterinsights_skip_tracking":false,"_monsterinsights_sitenote_active":false,"_monsterinsights_sitenote_note":"","_monsterinsights_sitenote_category":0,"footnotes":""},"class_list":["post-8706","page","type-page","status-publish","hentry"],"aioseo_notices":[],"_links":{"self":[{"href":"https:\/\/radiomontemoriah.com.br\/index.php?rest_route=\/wp\/v2\/pages\/8706","targetHints":{"allow":["GET"]}}],"collection":[{"href":"https:\/\/radiomontemoriah.com.br\/index.php?rest_route=\/wp\/v2\/pages"}],"about":[{"href":"https:\/\/radiomontemoriah.com.br\/index.php?rest_route=\/wp\/v2\/types\/page"}],"author":[{"embeddable":true,"href":"https:\/\/radiomontemoriah.com.br\/index.php?rest_route=\/wp\/v2\/users\/1"}],"replies":[{"embeddable":true,"href":"https:\/\/radiomontemoriah.com.br\/index.php?rest_route=%2Fwp%2Fv2%2Fcomments&post=8706"}],"version-history":[{"count":6,"href":"https:\/\/radiomontemoriah.com.br\/index.php?rest_route=\/wp\/v2\/pages\/8706\/revisions"}],"predecessor-version":[{"id":8712,"href":"https:\/\/radiomontemoriah.com.br\/index.php?rest_route=\/wp\/v2\/pages\/8706\/revisions\/8712"}],"wp:attachment":[{"href":"https:\/\/radiomontemoriah.com.br\/index.php?rest_route=%2Fwp%2Fv2%2Fmedia&parent=8706"}],"curies":[{"name":"wp","href":"https:\/\/api.w.org\/{rel}","templated":true}]}}