{"id":8792,"date":"2025-02-08T19:14:49","date_gmt":"2025-02-08T22:14:49","guid":{"rendered":"https:\/\/radiomontemoriah.com.br\/?page_id=8792"},"modified":"2025-02-08T19:49:51","modified_gmt":"2025-02-08T22:49:51","slug":"bencao-a-opcao-de-vide-que-escolhi","status":"publish","type":"page","link":"https:\/\/radiomontemoriah.com.br\/?page_id=8792","title":{"rendered":"\u00b4B\u00ean\u00e7\u00e3o, a op\u00e7\u00e3o de vida que escolhi&#8217;"},"content":{"rendered":"<section class=\"wpb-content-wrapper\"><p>[vc_row][vc_column][vc_column_text]Por Raimundo Gomes. Transcri\u00e7\u00e3o da Coluna Evang\u00e9lica da Gazeta, dos dias 08 e 09\/02\/2025.<\/p>\n<h3><strong><em>Reverendo da IEQ diz como tem caminhado com Deus e revela segredo para receber as bem-aventuran\u00e7as\u201d<\/em><\/strong><\/h3>\n<p>As b\u00ean\u00e7\u00e3os e maldi\u00e7\u00f5es que Deus colocou diante dos israelitas quando eles caminhavam para conquistar a Terra Prometida, na antiga Cana\u00e3, continuam valendo para as gera\u00e7\u00f5es de hoje. \u201cA obedi\u00eancia e desobedi\u00eancia \u00e0s leis de Deus t\u00eam o mesmo desenlace de antigamente\u201d, considera o reverendo C\u00edcero Menezes.<\/p>\n<p>Essas leis, que Deus entregou a Mois\u00e9s, est\u00e3o registradas no Antigo Testamento. As b\u00ean\u00e7\u00e3os falam do estilo de vida que o Senhor preparou para os filhos \u2013 chamados de \u2018cidad\u00e3os dos C\u00e9us\u2019 pelo reverendo. As maldi\u00e7\u00f5es, segundo ele, \u201cs\u00e3o o caminhar do homem contr\u00e1rio aos preceitos de Deus, o Criador\u201d.<br \/>\nO segredo para alcan\u00e7ar essas ben\u00e7\u00e3os, de acordo com C\u00edcero Menezes, pastor da Igreja do Evangelho Quadrangular (IEQ), no bairro da Paju\u00e7ara, consiste na obedi\u00eancia. \u201cEssa submiss\u00e3o \u00e0 vontade do Pai, como revela Deuteron\u00f4mio 11.13-15, leva-nos \u00e0s bem-aventuran\u00e7as, ao sucesso do que fazemos\u201d, afirmou.<\/p>\n<p>Outro segredo que o reverendo revela aos que buscam as bem-aventuran\u00e7as neste ano de 2025 est\u00e1 em Deuteron\u00f4mio 11.26-28. \u201cMeu desejo \u00e9 que todos \u2013 como eu fiz e recomendo \u00e0 minha igreja e aos ouvintes do programa de r\u00e1dio que fa\u00e7o \u2013 digam sim \u00e0 obedi\u00eancia divina, para receber as b\u00ean\u00e7\u00e3os dos C\u00e9us\u201d.<\/p>\n<p>O l\u00edder espiritual da IEQ Paju\u00e7ara lamenta que a advert\u00eancia de Deus n\u00e3o seja levada a s\u00e9rio pela maioria das pessoas. \u201cO Senhor n\u00e3o imp\u00f5e nada a essas pessoas, mesmo tendo o ser humano como o projeto mais importante de Sua cria\u00e7\u00e3o. Por\u00e9m, elas podem sofrer consequ\u00eancias pelos descaminhos que seguirem na vida\u201d.[\/vc_column_text][\/vc_column][\/vc_row][vc_row tlg_large_container=&#8221;small-container&#8221; tlg_padding=&#8221;pt0&#8243;][vc_column][vc_single_image image=&#8221;8922&#8243; img_size=&#8221;500&#215;652&#8243; alignment=&#8221;center&#8221;][vc_column_text]<\/p>\n<h5 style=\"text-align: center;\">Reverendo C\u00edcero Menezes lamenta que a advert\u00eancia de Deus n\u00e3o seja levada a s\u00e9rio pela maioria das pessoas.<\/h5>\n<p>[\/vc_column_text][\/vc_column][\/vc_row][vc_row tlg_large_container=&#8221;small-container&#8221; tlg_padding=&#8221;pt0&#8243;][vc_column][vc_column_text]<\/p>\n<h2>Obedi\u00eancia que agrada<\/h2>\n<p>Para mostrar um estilo de vida cuja obedi\u00eancia agrada a Deus, o reverendo citou o exemplo de um var\u00e3o bem-aventurado descrito no Salmo 1.1-3. O relato b\u00edblico conta que ele n\u00e3o anda segundo o conselho dos \u00edmpios, nem se det\u00e9m no caminho dos pecadores, nem se assenta na roda dos escarnecedores.<\/p>\n<p>\u201cEsse homem tem o seu prazer na Lei do Senhor e nela meditava de dia e de noite. No t\u00edtulo de bem-aventurado que lhe fora atribu\u00eddo no Salmo, ele \u00e9 comparado a uma \u00e1rvore plantada junto ao ribeiro de \u00e1guas, a qual d\u00e1 o seu fruto na esta\u00e7\u00e3o pr\u00f3pria, suas folhas n\u00e3o caem e tudo quanto faz prospera\u201d, informou Menezes.<\/p>\n<h2>Tesouro dos C\u00e9us<\/h2>\n<p>As bem-aventuran\u00e7as, ainda segundo o reverendo, vir\u00e3o aos que obedecem \u00e0 voz de Deus! \u201cElas s\u00e3o d\u00e1divas que nos fazem prosperar! Sua promessa \u00e9 confirmada em Deuteron\u00f4mio 28.12 e G\u00eanesis 26.3. Deus nos ama e quer nos fazer benditos, abrindo o tesouro dos C\u00e9us para aben\u00e7oar toda obra das nossas m\u00e3os\u201d, ponderou.<\/p>\n<p>O reverendo da IEQ concluiu dizendo que todas as promessas preditas por Deus foram ratificadas por Jesus antes de ascender aos C\u00e9us (Lucas 24.49-51). \u201cAp\u00f3s 40 dias de Sua Ressurrei\u00e7\u00e3o, Ele levou os disc\u00edpulos ao Monte das Oliveiras, aben\u00e7oou-os e confirmou as promessas do Pai aos que obedecem a seus mandamentos\u201d.[\/vc_column_text][\/vc_column][\/vc_row]<\/p>\n<\/section>","protected":false},"excerpt":{"rendered":"<p>[vc_row][vc_column][vc_column_text]Por Raimundo Gomes. Transcri\u00e7\u00e3o da Coluna Evang\u00e9lica da Gazeta, dos dias 08 e 09\/02\/2025. Reverendo da IEQ diz como tem caminhado com Deus e revela segredo para receber as bem-aventuran\u00e7as\u201d As b\u00ean\u00e7\u00e3os e maldi\u00e7\u00f5es que Deus colocou diante dos israelitas quando eles caminhavam para conquistar a Terra Prometida, na antiga Cana\u00e3, continuam valendo para as&#8230;<\/p>\n","protected":false},"author":1,"featured_media":0,"parent":0,"menu_order":0,"comment_status":"closed","ping_status":"closed","template":"","meta":{"om_disable_all_campaigns":false,"_monsterinsights_skip_tracking":false,"_monsterinsights_sitenote_active":false,"_monsterinsights_sitenote_note":"","_monsterinsights_sitenote_category":0,"footnotes":""},"class_list":["post-8792","page","type-page","status-publish","hentry"],"aioseo_notices":[],"_links":{"self":[{"href":"https:\/\/radiomontemoriah.com.br\/index.php?rest_route=\/wp\/v2\/pages\/8792","targetHints":{"allow":["GET"]}}],"collection":[{"href":"https:\/\/radiomontemoriah.com.br\/index.php?rest_route=\/wp\/v2\/pages"}],"about":[{"href":"https:\/\/radiomontemoriah.com.br\/index.php?rest_route=\/wp\/v2\/types\/page"}],"author":[{"embeddable":true,"href":"https:\/\/radiomontemoriah.com.br\/index.php?rest_route=\/wp\/v2\/users\/1"}],"replies":[{"embeddable":true,"href":"https:\/\/radiomontemoriah.com.br\/index.php?rest_route=%2Fwp%2Fv2%2Fcomments&post=8792"}],"version-history":[{"count":11,"href":"https:\/\/radiomontemoriah.com.br\/index.php?rest_route=\/wp\/v2\/pages\/8792\/revisions"}],"predecessor-version":[{"id":8923,"href":"https:\/\/radiomontemoriah.com.br\/index.php?rest_route=\/wp\/v2\/pages\/8792\/revisions\/8923"}],"wp:attachment":[{"href":"https:\/\/radiomontemoriah.com.br\/index.php?rest_route=%2Fwp%2Fv2%2Fmedia&parent=8792"}],"curies":[{"name":"wp","href":"https:\/\/api.w.org\/{rel}","templated":true}]}}