{"id":8990,"date":"2025-09-21T21:14:38","date_gmt":"2025-09-22T00:14:38","guid":{"rendered":"https:\/\/radiomontemoriah.com.br\/?page_id=8990"},"modified":"2025-09-21T21:19:33","modified_gmt":"2025-09-22T00:19:33","slug":"pastor-afirma-que-milagres-de-curas-fisicas-e-espirituais-continuam-acontecendo","status":"publish","type":"page","link":"https:\/\/radiomontemoriah.com.br\/?page_id=8990","title":{"rendered":"Pastor afirma que milagres de curas f\u00edsicas e espirituais continuam acontecendo"},"content":{"rendered":"<section class=\"wpb-content-wrapper\"><p>[vc_row][vc_column][vc_column_text]Por Raimundo Gomes. Transcri\u00e7\u00e3o da Coluna Evang\u00e9lica da Gazeta, dos dias 20 e 21\/09\/2025.<\/p>\n<h3><strong><em>Disc\u00edpulos de Jesus recebem poderes para libertar as pessoas de todo sofrimento, mas devem fazer isto gratuitamente.<\/em><\/strong><\/h3>\n<p>As curas f\u00edsicas e espirituais que Jesus efetuou durante seu minist\u00e9rio terreno de pouco mais de tr\u00eas anos, continuam sendo realizadas, porque Ele deu esse poder aos seus disc\u00edpulos. Todos que creem Nele e seguem seus ensinamentos, podem realizar curas de v\u00e1rias enfermidades, como diz o Evangelho de Mateus 10:8.<\/p>\n<p>Al\u00e9m desses requisitos, o pastor da Igreja do Evangelho Quadrangular, reverendo C\u00edcero Menezes, lembra que o \u201cdisc\u00edpulo precisa viver uma vida de amor, de f\u00e9 e obedi\u00eancia ao que a B\u00edblia ensina e lembrar que recebeu esse poder gratuitamente e, por isso, deve dar-lhe igualmente de gra\u00e7a, sem cobrar por ele\u201d.<\/p>\n<p>O reverendo C\u00edcero Menezes define essas curas como \u201cuma provis\u00e3o redentora t\u00e3o abrangente quanto as consequ\u00eancias da queda no \u00c9den\u201d. Com a vinda de Jesus, segundo ele, \u201cDeus instituiu o perd\u00e3o para o pecado; para a morte, estabeleceu vida eterna e ressurreta; e para as enfermidades, a cura sobrenatural\u201d.[\/vc_column_text][\/vc_column][\/vc_row][vc_row tlg_large_container=&#8221;small-container&#8221; tlg_padding=&#8221;pt0&#8243;][vc_column][vc_single_image image=&#8221;8993&#8243; img_size=&#8221;full&#8221; alignment=&#8221;center&#8221;][vc_column_text]<\/p>\n<h5 style=\"text-align: center;\">Reverendo C\u00edcero Menezes: \u201cRecebemos esse poder gratuitamente e devemos dar-lhe igualmente de gra\u00e7a\u201d<\/h5>\n<p>[\/vc_column_text][\/vc_column][\/vc_row][vc_row tlg_padding=&#8221;pt0&#8243;][vc_column][vc_column_text]<\/p>\n<h3>Cren\u00e7a no sobrenatural<\/h3>\n<p>Menezes pastoreia a Igreja do Evangelho Quadrangular h\u00e1 33 anos, no bairro Paju\u00e7ara, juntamente com a pastora auxiliar Maria Auric\u00e9lia Menezes, sua esposa. Para ele, a cren\u00e7a na cura sobrenatural \u00e9 fundamentada na f\u00e9 em que Deus, atrav\u00e9s do Esp\u00edrito Santo, atua hoje da mesma forma que nos prim\u00f3rdios b\u00edblicos.<\/p>\n<p>Em Isa\u00edas 61:1,2, o pastor leu o an\u00fancio prof\u00e9tico apresentando Jesus como o Messias prometido e ungido pelo Esp\u00edrito Santo para realizar curas. \u201cJesus tamb\u00e9m leu esses vers\u00edculos na\u00a0sinagoga de Nazar\u00e9, confirmando sua miss\u00e3o de proclamar as Boas Novas, consolar os aflitos e libertar os oprimidos\u201d, disse Menezes.<\/p>\n<p>Para o reverendo da IEQ na Paju\u00e7ara, a leitura dessa passagem b\u00edblica no livro de Isa\u00edas, \u00e9 muito significativa. \u201cO pr\u00f3prio Jesus declarou, em Lucas 4:16-21, que o ano aceit\u00e1vel do Senhor estava come\u00e7ando com Ele, cumprindo assim a profecia de Isaias e assumindo, pela primeira vez, ser o Messias prometido\u201d.[\/vc_column_text][\/vc_column][\/vc_row][vc_row tlg_padding=&#8221;pt0&#8243;][vc_column][vc_column_text]<\/p>\n<h3>Manifesta\u00e7\u00e3o do Poder<\/h3>\n<p>Na ordenan\u00e7a que Jesus deixou para os seus seguidores, antes de ascender aos C\u00e9us (Evangelho de Marcos 16:15-18), Menezes destaca a manifesta\u00e7\u00e3o do poder de Deus que o mundo precisa conhecer e buscar para si. \u201cJesus deixou bem claro o poder e a presen\u00e7a gloriosa do Reino de Deus aqui na Terra\u201d, afirmou.<\/p>\n<p>Ao retornar ao Pai, para ocupar o trono que sempre lhe pertenceu, o pastor da IEQ na Paju\u00e7ara disse que as \u201c\u00faltimas palavras de Jesus continuam ressoando aos ouvidos dos seus seguidores. Ele nos pediu para lutarmos contra as for\u00e7as do mal, expulsando os esp\u00edritos malignos e curando os que est\u00e3o enfermos\u201d.[\/vc_column_text][\/vc_column][\/vc_row][vc_row tlg_padding=&#8221;pt0&#8243;][vc_column][vc_single_image image=&#8221;8982&#8243; img_size=&#8221;large&#8221; alignment=&#8221;center&#8221;][vc_column_text]<\/p>\n<h5 style=\"text-align: center;\">Na noite de sexta-feira, no Culto de Cura e Liberta\u00e7\u00e3o, os milagres acompanham aqueles que creem<\/h5>\n<p>[\/vc_column_text][\/vc_column][\/vc_row][vc_row tlg_padding=&#8221;pt0&#8243;][vc_column][vc_column_text]<\/p>\n<h3>Deus atende \u00e0s ora\u00e7\u00f5es<\/h3>\n<p>Menezes enfatizou que, como um dos seguidores, tem procurado servir a Cristo em suas ordenan\u00e7as. \u201cNos meus 33 anos de minist\u00e9rio pastoral, Deus tem atendido minhas ora\u00e7\u00f5es curando muitas centenas de enfermidades, durante os cultos na Igreja, nos hospitais, nos lares e outros locais para os quais sou convidados\u201d.<\/p>\n<p>Essas curas, segundo o reverendo, ocorrem frequentemente durante o programa radiof\u00f4nico Encontro com Deus, que ele realiza h\u00e1 26 anos. \u201cTenho seguido as instru\u00e7\u00f5es de Jesus em Mateus 10:8, um poder que nos foi dado gratuitamente e que devemos dar-lhe igualmente de gra\u00e7a, sem nada receber\u201d.[\/vc_column_text][\/vc_column][\/vc_row]<\/p>\n<\/section>","protected":false},"excerpt":{"rendered":"<p>[vc_row][vc_column][vc_column_text]Por Raimundo Gomes. Transcri\u00e7\u00e3o da Coluna Evang\u00e9lica da Gazeta, dos dias 20 e 21\/09\/2025. Disc\u00edpulos de Jesus recebem poderes para libertar as pessoas de todo sofrimento, mas devem fazer isto gratuitamente. As curas f\u00edsicas e espirituais que Jesus efetuou durante seu minist\u00e9rio terreno de pouco mais de tr\u00eas anos, continuam sendo realizadas, porque Ele deu&#8230;<\/p>\n","protected":false},"author":1,"featured_media":0,"parent":0,"menu_order":0,"comment_status":"closed","ping_status":"closed","template":"","meta":{"om_disable_all_campaigns":false,"_monsterinsights_skip_tracking":false,"_monsterinsights_sitenote_active":false,"_monsterinsights_sitenote_note":"","_monsterinsights_sitenote_category":0,"footnotes":""},"class_list":["post-8990","page","type-page","status-publish","hentry"],"aioseo_notices":[],"_links":{"self":[{"href":"https:\/\/radiomontemoriah.com.br\/index.php?rest_route=\/wp\/v2\/pages\/8990","targetHints":{"allow":["GET"]}}],"collection":[{"href":"https:\/\/radiomontemoriah.com.br\/index.php?rest_route=\/wp\/v2\/pages"}],"about":[{"href":"https:\/\/radiomontemoriah.com.br\/index.php?rest_route=\/wp\/v2\/types\/page"}],"author":[{"embeddable":true,"href":"https:\/\/radiomontemoriah.com.br\/index.php?rest_route=\/wp\/v2\/users\/1"}],"replies":[{"embeddable":true,"href":"https:\/\/radiomontemoriah.com.br\/index.php?rest_route=%2Fwp%2Fv2%2Fcomments&post=8990"}],"version-history":[{"count":5,"href":"https:\/\/radiomontemoriah.com.br\/index.php?rest_route=\/wp\/v2\/pages\/8990\/revisions"}],"predecessor-version":[{"id":8992,"href":"https:\/\/radiomontemoriah.com.br\/index.php?rest_route=\/wp\/v2\/pages\/8990\/revisions\/8992"}],"wp:attachment":[{"href":"https:\/\/radiomontemoriah.com.br\/index.php?rest_route=%2Fwp%2Fv2%2Fmedia&parent=8990"}],"curies":[{"name":"wp","href":"https:\/\/api.w.org\/{rel}","templated":true}]}}