{"id":9010,"date":"2025-11-28T15:08:33","date_gmt":"2025-11-28T18:08:33","guid":{"rendered":"https:\/\/radiomontemoriah.com.br\/?page_id=9010"},"modified":"2025-11-28T15:33:09","modified_gmt":"2025-11-28T18:33:09","slug":"quadrangular-encerra-neste-domingo-celebracao-de-102-anos-de-existencia","status":"publish","type":"page","link":"https:\/\/radiomontemoriah.com.br\/?page_id=9010","title":{"rendered":"Quadrangular encerra neste domingo celebra\u00e7\u00e3o de 102 anos de exist\u00eancia"},"content":{"rendered":"<section class=\"wpb-content-wrapper\"><p>[vc_row][vc_column][vc_column_text]Por Raimundo Gomes. Transcri\u00e7\u00e3o da Coluna Evang\u00e9lica da Gazeta, dos dias 29 e 30\/11\/2025.<\/p>\n<h3><strong><em>Igreja nasceu em Los Angeles, na Calif\u00f3rnia (EUA), no ano de 1923; chegou ao Brasil h\u00e1 74 anos e em Alagoas h\u00e1 50 anos.<\/em><\/strong><\/h3>\n<p>A Igreja do Evangelho Quadrangular (IEQ) encerra neste domingo (30) o m\u00eas de celebra\u00e7\u00e3o do 102\u00ba ano de sua organiza\u00e7\u00e3o com cultos de gratid\u00e3o pelo seu exponencial crescimento e expans\u00e3o mundial. \u201cFoi um \u2018sonho de Deus\u2019 que se revelou e deu origem \u00e0 Igreja\u201d, comemora o pastor C\u00edcero Menezes, da IEQ no bairro Paju\u00e7ara.<\/p>\n<p>A Igreja foi fundada no ano de 1923 em Los Angeles, na Calif\u00f3rnia (EUA) pela evangelista canadense Aimee Semple McPherson. No ano anterior, ela teve uma vis\u00e3o inspirada no 1\u00ba cap\u00edtulo do livro de Ezequiel. \u201cNessa vis\u00e3o, Deus se revelou com quatro faces distintas, que se tornaram os pilares da doutrina da IEQ\u201d, relata Menezes.<\/p>\n<p>Esses pilares consistem na prega\u00e7\u00e3o dos quatro Evangelhos de Cristo no Novo Testamento. \u201cO 1\u00ba deles, \u2018Mateus\u2019, mostra Jesus como Salvador; o 2\u00ba, em \u2018Marcos\u2019, Jesus batiza com o Esp\u00edrito Santo; o 3\u00ba, em \u2018Lucas\u2019, o M\u00e9dico (Cura Divina); e o 4\u00ba, no Evangelho de \u2018Jo\u00e3o\u2019, Jesus, o Rei que h\u00e1 de vir\u201d, enfatizou o pastor.[\/vc_column_text][\/vc_column][\/vc_row][vc_row tlg_large_container=&#8221;small-container&#8221; tlg_padding=&#8221;pt0&#8243;][vc_column][vc_single_image image=&#8221;9014&#8243; img_size=&#8221;full&#8221; alignment=&#8221;center&#8221;][vc_column_text]<\/p>\n<h5 style=\"text-align: center;\">Pastor C\u00edcero Menezes convoca a Igreja para um m\u00eas de celebra\u00e7\u00e3o na Paju\u00e7ara\u201d<\/h5>\n<p>[\/vc_column_text][\/vc_column][\/vc_row][vc_row tlg_padding=&#8221;pt0&#8243;][vc_column][vc_column_text]<\/p>\n<h3>Dos EUA para o Brasil<\/h3>\n<p>A expans\u00e3o da Igreja, de acordo com o pastor, foi r\u00e1pida al\u00e9m das fronteiras dos EUA. \u201cChegou ao Brasil, em S\u00e3o Jos\u00e9 da Boa Vista\/SP, no dia 15 de novembro de 1951, h\u00e1 74 anos. Esse grande movimento de f\u00e9 se espalhou por todo o pa\u00eds e chegou a Alagoas em 15 de novembro de 1982, h\u00e1 50 anos\u201d, disse Menezes.<\/p>\n<p>Na Paju\u00e7ara, a Igreja existe h\u00e1 43 anos na Rua Jos\u00e9 Fragoso, 57. \u201cH\u00e1 28 anos tenho a alegria de fazer parte dessa linda hist\u00f3ria da IEQ contribuindo com a sua trajet\u00f3ria de f\u00e9 mission\u00e1ria, crescimento din\u00e2mico e evangelismo focado nos quatro pilares de Jesus: Salvador, Batizador, M\u00e9dico e Rei que h\u00e1 de vir\u201d, declara Menezes.<br \/>\n[\/vc_column_text][\/vc_column][\/vc_row][vc_row tlg_large_container=&#8221;small-container&#8221; tlg_padding=&#8221;pt0&#8243;][vc_column][vc_single_image image=&#8221;9016&#8243; img_size=&#8221;full&#8221; alignment=&#8221;center&#8221;][vc_column_text]<\/p>\n<h5 style=\"text-align: center;\">Nos primeiros quatro domingos deste m\u00eas, a Igreja esteve repleta de fi\u00e9is<\/h5>\n<p>[\/vc_column_text][\/vc_column][\/vc_row][vc_row tlg_padding=&#8221;pt0&#8243;][vc_column][vc_column_text]<\/p>\n<h3>Presen\u00e7a em Alagoas<\/h3>\n<p>A Igreja do Evangelho Quadrangular est\u00e1 presente nos 102 munic\u00edpios alagoanos com pouco mais de 300 templos. \u00c9 presidida no estado pelo pastor Jo\u00e3o Luiz. Seu templo-sede fica localizado na Rua Virg\u00edlio Guedes, 1249, no bairro Ponta Grossa. A celebra\u00e7\u00e3o do m\u00eas de anivers\u00e1rio ocorre em todas as igrejas do estado neste domingo.<\/p>\n<p>O lema da Igreja para 2025 \u00e9: \u201cJesus Cristo \u00e9 o mesmo ontem, e hoje, e eternamente\u201d (Hebreus 13:8), seguido do tema: \u201cQue Ele cres\u00e7a\u201d. [\/vc_column_text][\/vc_column][\/vc_row][vc_row tlg_padding=&#8221;pt0&#8243;][vc_column][vc_single_image image=&#8221;9017&#8243; img_size=&#8221;large&#8221; alignment=&#8221;center&#8221;][vc_column_text]<\/p>\n<h5 style=\"text-align: center;\">Celebra\u00e7\u00e3o da Ceia do Senhor ocorreu no primeiro domingo de novembro<\/h5>\n<p>[\/vc_column_text][\/vc_column][\/vc_row][vc_row tlg_padding=&#8221;pt0&#8243;][vc_column][vc_column_text]<\/p>\n<h3>Os Pilares de Cristo<\/h3>\n<p>Nos cinco domingos do m\u00eas que est\u00e1 terminando (novembro), \u201cM\u00eas da Quadrangular\u201d, que marca o anivers\u00e1rio de funda\u00e7\u00e3o da igreja no Brasil, a IEQ na Paju\u00e7ara esteve mobilizada com especial dedica\u00e7\u00e3o para as quatro doutrinas fundamentais que giram em torno de Jesus Cristo, o autor da nossa salva\u00e7\u00e3o.<\/p>\n<p>No 1\u00ba domingo, dia 2, houve celebra\u00e7\u00e3o da Ceia do Senhor, uma ordenan\u00e7a que Jesus deixou para seus disc\u00edpulos; no dia 9, no 1\u00ba culto depois da Ceia, a pastora Maria Auricelia, refletiu sobre o Pilar \u2018Jesus Salvador\u2019; no dia 16, a irm\u00e3 Santina Maria falou sobre o Pilar \u2018Jesus batiza com o Esp\u00edrito Santo\u2019.[\/vc_column_text][\/vc_column][\/vc_row][vc_row tlg_large_container=&#8221;small-container&#8221; tlg_padding=&#8221;pt0&#8243;][vc_column width=&#8221;1\/3&#8243;][vc_single_image image=&#8221;9019&#8243; img_size=&#8221;full&#8221;][vc_column_text]<\/p>\n<h6 style=\"text-align: center;\">Pastora Maria Auric\u00e9lia<\/h6>\n<p>[\/vc_column_text][\/vc_column][vc_column width=&#8221;1\/3&#8243;][vc_single_image image=&#8221;9020&#8243; img_size=&#8221;full&#8221;][vc_column_text]<\/p>\n<h6 style=\"text-align: center;\">Irm\u00e3 Santina Maria<\/h6>\n<p>[\/vc_column_text][\/vc_column][vc_column width=&#8221;1\/3&#8243;][vc_single_image image=&#8221;9025&#8243; img_size=&#8221;full&#8221;][vc_column_text]<\/p>\n<h6 style=\"text-align: center;\">Pastora Maria Camilla<\/h6>\n<p>[\/vc_column_text][\/vc_column][\/vc_row][vc_row tlg_padding=&#8221;pt0&#8243;][vc_column][vc_column_text]A celebra\u00e7\u00e3o seguiu no dia 23 com prega\u00e7\u00e3o da pastora Maria Camilla, refletindo sobre o 3\u00ba Pilar \u2013 \u2018Jesus, o M\u00e9dico que cura\u2019. Neste domingo (30), o pastor Cicero Menezes encerra o \u201cM\u00eas da Quadrangular\u201d pregando sobre o 4\u00ba Pilar \u2013 \u2018O Rei que h\u00e1 de vir\u2019, um tema que tem gerado grande expectativa no meio crist\u00e3o.[\/vc_column_text][\/vc_column][\/vc_row]<\/p>\n<\/section>","protected":false},"excerpt":{"rendered":"<p>[vc_row][vc_column][vc_column_text]Por Raimundo Gomes. Transcri\u00e7\u00e3o da Coluna Evang\u00e9lica da Gazeta, dos dias 29 e 30\/11\/2025. Igreja nasceu em Los Angeles, na Calif\u00f3rnia (EUA), no ano de 1923; chegou ao Brasil h\u00e1 74 anos e em Alagoas h\u00e1 50 anos. A Igreja do Evangelho Quadrangular (IEQ) encerra neste domingo (30) o m\u00eas de celebra\u00e7\u00e3o do 102\u00ba ano&#8230;<\/p>\n","protected":false},"author":1,"featured_media":0,"parent":0,"menu_order":0,"comment_status":"closed","ping_status":"closed","template":"","meta":{"om_disable_all_campaigns":false,"_monsterinsights_skip_tracking":false,"_monsterinsights_sitenote_active":false,"_monsterinsights_sitenote_note":"","_monsterinsights_sitenote_category":0,"footnotes":""},"class_list":["post-9010","page","type-page","status-publish","hentry"],"aioseo_notices":[],"_links":{"self":[{"href":"https:\/\/radiomontemoriah.com.br\/index.php?rest_route=\/wp\/v2\/pages\/9010","targetHints":{"allow":["GET"]}}],"collection":[{"href":"https:\/\/radiomontemoriah.com.br\/index.php?rest_route=\/wp\/v2\/pages"}],"about":[{"href":"https:\/\/radiomontemoriah.com.br\/index.php?rest_route=\/wp\/v2\/types\/page"}],"author":[{"embeddable":true,"href":"https:\/\/radiomontemoriah.com.br\/index.php?rest_route=\/wp\/v2\/users\/1"}],"replies":[{"embeddable":true,"href":"https:\/\/radiomontemoriah.com.br\/index.php?rest_route=%2Fwp%2Fv2%2Fcomments&post=9010"}],"version-history":[{"count":12,"href":"https:\/\/radiomontemoriah.com.br\/index.php?rest_route=\/wp\/v2\/pages\/9010\/revisions"}],"predecessor-version":[{"id":9013,"href":"https:\/\/radiomontemoriah.com.br\/index.php?rest_route=\/wp\/v2\/pages\/9010\/revisions\/9013"}],"wp:attachment":[{"href":"https:\/\/radiomontemoriah.com.br\/index.php?rest_route=%2Fwp%2Fv2%2Fmedia&parent=9010"}],"curies":[{"name":"wp","href":"https:\/\/api.w.org\/{rel}","templated":true}]}}