{"id":9044,"date":"2026-01-11T00:11:51","date_gmt":"2026-01-11T03:11:51","guid":{"rendered":"https:\/\/radiomontemoriah.com.br\/?page_id=9044"},"modified":"2026-01-11T00:12:40","modified_gmt":"2026-01-11T03:12:40","slug":"vida-bem-sucedida-e-para-os-que-buscam-deus","status":"publish","type":"page","link":"https:\/\/radiomontemoriah.com.br\/?page_id=9044","title":{"rendered":"Vida bem sucedida \u00e9 para os que buscam Deus"},"content":{"rendered":"<section class=\"wpb-content-wrapper\"><p>[vc_row][vc_column][vc_column_text]Por Raimundo Gomes. Transcri\u00e7\u00e3o da Coluna Evang\u00e9lica da Gazeta, dos dias 10 e 11\/01\/2026.<\/p>\n<h3><strong><em>Reverendo aponta, com base na B\u00edblia, b\u00ean\u00e7\u00e3os para os que obedecem ao Criador e maldi\u00e7\u00e3o para os que seguem falsos deuses.<\/em><\/strong><\/h3>\n<p>que est\u00e1 se iniciando\u201d? A resposta, segundo o reverendo C\u00edcero Menezes, pastor da Igreja do Evangelho Quadrangular (IEQ), no bairro Paju\u00e7ara, em Macei\u00f3\/AL, \u00e9 clara: \u201cobedi\u00eancia\u201d. O princ\u00edpio est\u00e1 descrito em Jo\u00e3o 14:15 como express\u00e3o maior de f\u00e9 e do amor.<\/p>\n<p>No Livro de Deuteron\u00f4mio 28.1-14, no Velho Testamento, Deus condiciona esses passos \u00e0 obedi\u00eancia fiel aos Seus mandamentos. \u201cS\u00e3o muitas as promessas da bondade do Soberano Pai a serem derramadas para os que buscam alinhar suas vidas aos princ\u00edpios divinos\u201d, ressalta Menezes, pastor da IEQ Paju\u00e7ara h\u00e1 28 anos.<\/p>\n<p>O reverendo compara essa b\u00ean\u00e7\u00e3o a um \u2018invent\u00e1rio\u2019 das promessas de Deus. \u201cPromessas feitas aos filhos, mas elas est\u00e3o condicionadas \u00e0 adora\u00e7\u00e3o e obedi\u00eancia devidas ao Supremo Criador. Ficam fora dessa \u2018listagem\u2019 todos aqueles que abandonam esses princ\u00edpios para adorarem a outros deuses\u201d, considera o reverendo.[\/vc_column_text][\/vc_column][\/vc_row][vc_row tlg_large_container=&#8221;small-container&#8221; tlg_padding=&#8221;pt0&#8243;][vc_column][vc_single_image image=&#8221;9045&#8243; img_size=&#8221;full&#8221; alignment=&#8221;center&#8221;][vc_column_text]<\/p>\n<h5 style=\"text-align: center;\">Pastor C\u00edcero Menezes lamenta que as pessoas n\u00e3o levam a s\u00e9rio as advert\u00eancias de Deus e abandonem seus princ\u00edpios.<\/h5>\n<p>[\/vc_column_text][\/vc_column][\/vc_row][vc_row tlg_padding=&#8221;pt0&#8243;][vc_column][vc_column_text]<\/p>\n<h3>DOEN\u00c7AS, DERROTAS<\/h3>\n<p>\u201cDeuteron\u00f4mio 28:15-68 fala das consequ\u00eancias da desobedi\u00eancia, alertando sobre doen\u00e7as, derrota, escassez e ex\u00edlio. Antes, em Deuteron\u00f4mio 11:26, Deus coloca diante do povo a escolha entre a b\u00ean\u00e7\u00e3o (se obedecerem aos Seus mandamentos) e a maldi\u00e7\u00e3o (se desobedecerem)\u201d, concluiu o pastor, recomendando a leitura dos vers\u00edculos citados.<\/p>\n<h3>&#8216;BEM-AVENTURAN\u00c7A&#8217;<\/h3>\n<p>O reverendo C\u00edcero Menezes, da Igreja Quadrangular, falou ainda sobre as Bem-aventuran\u00e7as que Jesus ensina no Serm\u00e3o da Montanha, no cap\u00edtulo 5 do Evangelho de Mateus, no Novo Testamento. Para ele, \u201cuma grande aula nos mostrando que os crist\u00e3os podem viver a verdadeira felicidade sem posses materiais ou poder\u201d.<\/p>\n<p>Na leitura de Mateus 5, segundo Menezes, \u201cJesus Cristo revela o perfil de um bem-aventurado e como deve ser o nosso comportamento para alcan\u00e7armos essa b\u00ean\u00e7\u00e3o\u201d. De acordo com o pastor, \u201cisso s\u00f3 \u00e9 poss\u00edvel quando vivemos de conformidade com os padr\u00f5es revelados por Deus nas Escrituras, e nunca pelo que ensina o mundo\u201d.<\/p>\n<p>O reverendo compara as Bem-aventuran\u00e7as do Serm\u00e3o da Montanha a um convite \u00e0 fidelidade. \u201dUm convite semelhante ao \u2018vinde a mim\u2019 que Jesus faz em Mateus 11:28. A condi\u00e7\u00e3o n\u00famero um que Jesus anunciou no serm\u00e3o \u00e9 ser \u2018pobres de esp\u00edrito\u2019, reconhecer que n\u00e3o temos qualquer autossufici\u00eancia espiritual\u201d, finalizou Menezes.[\/vc_column_text][\/vc_column][\/vc_row]<\/p>\n<\/section>","protected":false},"excerpt":{"rendered":"<p>[vc_row][vc_column][vc_column_text]Por Raimundo Gomes. Transcri\u00e7\u00e3o da Coluna Evang\u00e9lica da Gazeta, dos dias 10 e 11\/01\/2026. Reverendo aponta, com base na B\u00edblia, b\u00ean\u00e7\u00e3os para os que obedecem ao Criador e maldi\u00e7\u00e3o para os que seguem falsos deuses. que est\u00e1 se iniciando\u201d? A resposta, segundo o reverendo C\u00edcero Menezes, pastor da Igreja do Evangelho Quadrangular (IEQ), no bairro&#8230;<\/p>\n","protected":false},"author":1,"featured_media":0,"parent":0,"menu_order":0,"comment_status":"closed","ping_status":"closed","template":"","meta":{"om_disable_all_campaigns":false,"_monsterinsights_skip_tracking":false,"_monsterinsights_sitenote_active":false,"_monsterinsights_sitenote_note":"","_monsterinsights_sitenote_category":0,"footnotes":""},"class_list":["post-9044","page","type-page","status-publish","hentry"],"aioseo_notices":[],"_links":{"self":[{"href":"https:\/\/radiomontemoriah.com.br\/index.php?rest_route=\/wp\/v2\/pages\/9044","targetHints":{"allow":["GET"]}}],"collection":[{"href":"https:\/\/radiomontemoriah.com.br\/index.php?rest_route=\/wp\/v2\/pages"}],"about":[{"href":"https:\/\/radiomontemoriah.com.br\/index.php?rest_route=\/wp\/v2\/types\/page"}],"author":[{"embeddable":true,"href":"https:\/\/radiomontemoriah.com.br\/index.php?rest_route=\/wp\/v2\/users\/1"}],"replies":[{"embeddable":true,"href":"https:\/\/radiomontemoriah.com.br\/index.php?rest_route=%2Fwp%2Fv2%2Fcomments&post=9044"}],"version-history":[{"count":2,"href":"https:\/\/radiomontemoriah.com.br\/index.php?rest_route=\/wp\/v2\/pages\/9044\/revisions"}],"predecessor-version":[{"id":9047,"href":"https:\/\/radiomontemoriah.com.br\/index.php?rest_route=\/wp\/v2\/pages\/9044\/revisions\/9047"}],"wp:attachment":[{"href":"https:\/\/radiomontemoriah.com.br\/index.php?rest_route=%2Fwp%2Fv2%2Fmedia&parent=9044"}],"curies":[{"name":"wp","href":"https:\/\/api.w.org\/{rel}","templated":true}]}}