{"id":9056,"date":"2026-04-18T12:03:22","date_gmt":"2026-04-18T15:03:22","guid":{"rendered":"https:\/\/radiomontemoriah.com.br\/?page_id=9056"},"modified":"2026-04-18T12:10:37","modified_gmt":"2026-04-18T15:10:37","slug":"quadrangular-prepara-se-para-celebrar-o-pentecostes-com-grande-avivamento","status":"publish","type":"page","link":"https:\/\/radiomontemoriah.com.br\/?page_id=9056","title":{"rendered":"Quadrangular prepara-se para celebrar o Pentecostes com grande avivamento"},"content":{"rendered":"<section class=\"wpb-content-wrapper\"><p>[vc_row][vc_column][vc_column_text]Por Raimundo Gomes. Transcri\u00e7\u00e3o da Coluna Evang\u00e9lica da Gazeta de Alagoas e o site R\u00e1dio Monte Moriah, dos dias 19 e 20\/04\/2026.<\/p>\n<h3><strong><em>\u201cVamos dar as boas-vindas ao Esp\u00edrito Santo exaltando-O e buscando a plenitude de Sua un\u00e7\u00e3o\u201d, anuncia o pastor da Igreja<\/em><\/strong><\/h3>\n<p>A Igreja do Evangelho Quadrangular (IEQ) na Paju\u00e7ara, em Macei\u00f3, Alagoas, prepara-se para celebrar o Pentecostes com grande avivamento no dia 24 de maio. \u201cVamos dar as boas-vindas ao Glorioso Esp\u00edrito Santo exaltando-O e buscando a plenitude de Sua un\u00e7\u00e3o entre n\u00f3s\u201d, prega o reverendo C\u00edcero Menezes, pastor da Igreja.<\/p>\n<p>Os preparativos do avivamento est\u00e3o acontecendo h\u00e1 dois meses no templo da Igreja, na Travessa Primavera, 57, no bairro Paju\u00e7ara. C\u00edcero Menezes os chama de \u2018Comunh\u00f5es transformadoras do Esp\u00edrito Santo\u2019. Ele os denomina, tamb\u00e9m, de \u2018Declara\u00e7\u00e3o de guerra contra o pecado\u2019, tendo como essencial o retorno sincero a Deus.<\/p>\n<p>\u201dEstamos pregando aos domingos sobre as 28 Comunh\u00f5es Transformadoras do Esp\u00edrito Santo (CTES) registradas no livro de Atos dos Ap\u00f3stolos. O n\u00famero 28 representa a quantidade das p\u00e1ginas que nos contam a hist\u00f3ria da forma\u00e7\u00e3o da Igreja que Jesus confiou a continuidade de sua obra ao Deus Esp\u00edrito Santo\u201d, disse o reverendo.[\/vc_column_text][\/vc_column][\/vc_row][vc_row tlg_large_container=&#8221;small-container&#8221; tlg_padding=&#8221;pt0&#8243;][vc_column width=&#8221;1\/4&#8243;][vc_single_image image=&#8221;9057&#8243; img_size=&#8221;full&#8221; alignment=&#8221;center&#8221;][vc_column_text]<\/p>\n<h5 style=\"text-align: center;\">Menezes prepara a IEQ Paju\u00e7ara para a renova\u00e7\u00e3o espiritual<\/h5>\n<p>[\/vc_column_text][\/vc_column][vc_column width=&#8221;3\/4&#8243;][vc_column_text]<\/p>\n<h3>ESQUECIDOS NAS IGREJAS<\/h3>\n<p>O Esp\u00edrito Santo, que existe antes da funda\u00e7\u00e3o do mundo, de acordo com Menezes, tem sido esquecido dentro das Igrejas, mesmo sendo o Consolador enviado por Jesus para o substituir fisicamente. \u201cQuando Jesus ascendeu aos C\u00e9us, o Esp\u00edrito veio para permanecer com os disc\u00edpulos na igreja at\u00e9 o fim dos tempos ou a segunda vinda de Jesus\u201d.<\/p>\n<h3>SEMELHAN\u00c7A DE JESUS<\/h3>\n<p>As CTES s\u00e3o descritas pelo reverendo como uma rela\u00e7\u00e3o \u00edntima, cont\u00ednua e ativa entre a Terceira Pessoa da Trindade e o crente, resultando em santifica\u00e7\u00e3o e mudan\u00e7a de car\u00e1ter para se assemelhar a Jesus Cristo. \u201cN\u00e3o \u00e9 apenas uma for\u00e7a impessoal, mas a presen\u00e7a de uma Pessoa divina que guia, capacita e renova a mente\u201d.<\/p>\n<h3>VOLTAR \u00c0S RA\u00cdZES DA F\u00c9<\/h3>\n<p>Avivamento \u00e9 um processo espiritual e pr\u00e1tico que envolve voltar \u00e0s ra\u00edzes da f\u00e9, buscar a presen\u00e7a de Deus intensamente e alinhar a comunidade com a vontade divina. \u201cN\u00e3o se trata de um evento organizado por homens, mas uma visita\u00e7\u00e3o do Esp\u00edrito que gera santidade, arrependimento e um impacto mission\u00e1rio nos crist\u00e3os\u201d. [\/vc_column_text][\/vc_column][\/vc_row][vc_row][vc_column][vc_single_image image=&#8221;9062&#8243; img_size=&#8221;full&#8221; alignment=&#8221;center&#8221;][vc_column_text]<\/p>\n<h5 style=\"text-align: center;\">Nos cultos dominicais, ensinamentos sobre o despertar da f\u00e9<\/h5>\n<p>[\/vc_column_text][\/vc_column][\/vc_row]<\/p>\n<\/section>","protected":false},"excerpt":{"rendered":"<p>[vc_row][vc_column][vc_column_text]Por Raimundo Gomes. Transcri\u00e7\u00e3o da Coluna Evang\u00e9lica da Gazeta de Alagoas e o site R\u00e1dio Monte Moriah, dos dias 19 e 20\/04\/2026. \u201cVamos dar as boas-vindas ao Esp\u00edrito Santo exaltando-O e buscando a plenitude de Sua un\u00e7\u00e3o\u201d, anuncia o pastor da Igreja A Igreja do Evangelho Quadrangular (IEQ) na Paju\u00e7ara, em Macei\u00f3, Alagoas, prepara-se para&#8230;<\/p>\n","protected":false},"author":1,"featured_media":0,"parent":0,"menu_order":0,"comment_status":"closed","ping_status":"closed","template":"","meta":{"om_disable_all_campaigns":false,"_monsterinsights_skip_tracking":false,"_monsterinsights_sitenote_active":false,"_monsterinsights_sitenote_note":"","_monsterinsights_sitenote_category":0,"footnotes":""},"class_list":["post-9056","page","type-page","status-publish","hentry"],"aioseo_notices":[],"_links":{"self":[{"href":"https:\/\/radiomontemoriah.com.br\/index.php?rest_route=\/wp\/v2\/pages\/9056","targetHints":{"allow":["GET"]}}],"collection":[{"href":"https:\/\/radiomontemoriah.com.br\/index.php?rest_route=\/wp\/v2\/pages"}],"about":[{"href":"https:\/\/radiomontemoriah.com.br\/index.php?rest_route=\/wp\/v2\/types\/page"}],"author":[{"embeddable":true,"href":"https:\/\/radiomontemoriah.com.br\/index.php?rest_route=\/wp\/v2\/users\/1"}],"replies":[{"embeddable":true,"href":"https:\/\/radiomontemoriah.com.br\/index.php?rest_route=%2Fwp%2Fv2%2Fcomments&post=9056"}],"version-history":[{"count":5,"href":"https:\/\/radiomontemoriah.com.br\/index.php?rest_route=\/wp\/v2\/pages\/9056\/revisions"}],"predecessor-version":[{"id":9059,"href":"https:\/\/radiomontemoriah.com.br\/index.php?rest_route=\/wp\/v2\/pages\/9056\/revisions\/9059"}],"wp:attachment":[{"href":"https:\/\/radiomontemoriah.com.br\/index.php?rest_route=%2Fwp%2Fv2%2Fmedia&parent=9056"}],"curies":[{"name":"wp","href":"https:\/\/api.w.org\/{rel}","templated":true}]}}